{"id":417,"date":"2024-10-14T13:56:52","date_gmt":"2024-10-14T11:56:52","guid":{"rendered":"https:\/\/childtoadulttransitions.forskning.eu\/om-projektet\/"},"modified":"2024-10-16T12:30:49","modified_gmt":"2024-10-16T10:30:49","slug":"om-projektet","status":"publish","type":"page","link":"https:\/\/childtoadulttransitions.forskning.eu\/de\/om-projektet\/","title":{"rendered":"Projektinformationen"},"content":{"rendered":"<link rel=\"stylesheet\" type=\"text\/css\" href=\"https:\/\/childtoadulttransitions.forskning.eu\/wp-content\/themes\/oak-theme\/dist\/template-parts\/blocks\/subsite-hero-page\/subsite-hero-page.css\">\n\t<section class=\"block block--subsite-hero-page spacing--none\">\n\t\t<div  class=\"subsite-hero-page\">\n\t\t\t\t<div class=\"subsite-hero-page__bg\">\n\t\t\t<\/div>\n\t<div class=\"subsite-hero-page__container\">\n\t\t<div class=\"grid\">\n\t\t\t<div class=\"col-md-8 col-xl-5 offset-xl-1\">\n\t\t\t\t<h1 class=\"subsite-hero-page__title\">\n\t\t\t\t\tCAT. Child to Adult Transitions\n\t\t\t\t<\/h1>\n\t\t\t<\/div>\n\n\t\t\t<div class=\"col-md-8 col-xl-5 offset-xl-1\">\n\t\t\t\t<p class=\"subsite-hero-page__excerpt\">\n\t\t\t\t\tCAT. Child to Adult Transitions: Enabling good transition processes from child to adult medical care. <br \/>\r\n<br \/>\r\nJeder f\u00fcnfte junge Mensch in der Programmregion leidet an einer schweren oder chronischen Krankheit. Junge Patient:innen sind auf die Unterst\u00fctzung durch ihre Eltern und das Gesundheitssystem angewiesen. Sobald sie jedoch 18 Jahre alt werden, sind sie mehr auf sich allein gestellt, da sie automatisch von der Kinder- und Jugendbehandlung zur Erwachsenenbehandlung \u00fcberwechseln, wo sie weniger Konsultationen und weniger Unterst\u00fctzung erhalten. Ein abrupter \u00dcbergang kann zum Abbruch der Behandlung oder zu schwerwiegenden Komplikationen f\u00fchren &#8211; im schlimmsten Fall zu einem fr\u00fchen Tod. Eine unterbrochene Behandlung ist auch ein sozio\u00f6konomisches Problem. Daher ist es von entscheidender Bedeutung, dass der \u00dcbergang vom Kind zum Erwachsenen in der Gesundheitsversorgung mehr Aufmerksamkeit erh\u00e4lt. CAT (Child to Adult Transitions) ist ein \u00fcberregionales Projekt, das darauf abzielt, den \u00dcbergang von der Kinder- und Jungendbehandlung zur Erwachsenenbehandlung zu verbessern und das Risiko zu minimieren, dass Patient:innen w\u00e4hrend der \u00dcbergangsphase &#8222;verloren&#8220; gehen. CAT entwickelt und implementiert grenz\u00fcberschreitende Transitionsprogramme auf der Grundlage von Forschungsergebnissen \u00fcber die Bed\u00fcrfnisse und Erfahrungen junger Patient:innen. Die Programme bereiten die Patienten durch Transitionteams, Workshops und digitale L\u00f6sungen auf ihren \u00dcbergangsprozess vor. CAT st\u00fctzt sich auf transnationale Zusammenarbeit, Erfahrungsaustausch und Kapazit\u00e4tsaufbau zwischen Krankenh\u00e4usern. Auf diese Weise unternehmen D\u00e4nemark und Deutschland gemeinsam gro\u00dfe Anstrengungen zur Unterst\u00fctzung junger Patient:innen.<br \/>\r\n<br \/>\r\nArbeitspakete:<br \/>\r\n<br \/>\r\nProject Management and Communications<br \/>\r\n<br \/>\r\nSupporting young patients during the transition process (Transition Teams)<br \/>\r\n<br \/>\r\nBuilding competencies, knowledge and network among young patients (Wokshops)<br \/>\r\n<br \/>\r\nDeveloping digital health solutions for supporting young patients (Digital Tools)<br \/>\r\n<br \/>\r\nProducing knowledge about young patients\u2019 experience with transition (Qualitative and quantitative research)<br \/>\r\n\n\t\t\t\t<\/p>\n\t\t\t<\/div>\n\n\t\t\t\t\t\t\t<div class=\"col-xl-4 offset-xl-7\">\n\t\t\t\t\t<div class=\"subsite-hero-page__details\">\n\t\t\t\t\t\t<div class=\"details__program\">\n\t\t\t\t\t\t\t<strong>\n\t\t\t\t\t\t\t\tSupport program:\n\t\t\t\t\t\t\t<\/strong>\n\t\t\t\t\t\t\t<span>Interreg Deutschland-Danmark<\/span>\n\t\t\t\t\t\t<\/div>\n\t\t\t\t\t\t<div class=\"details__duration\">\n\t\t\t\t\t\t\t<strong>\n\t\t\t\t\t\t\t\tProject duration:\n\t\t\t\t\t\t\t<\/strong>\n\t\t\t\t\t\t\t<span>01.01.2023 \u2013 13.12.2025<\/span>\n\t\t\t\t\t\t<\/div>\n\t\t\t\t\t\t<div class=\"details__budget\">\n\t\t\t\t\t\t\t<strong>\n\t\t\t\t\t\t\t\tProject budget:\n\t\t\t\t\t\t\t<\/strong>\n\t\t\t\t\t\t\t<span>3.929.226,24 \u20ac<\/span>\n\t\t\t\t\t\t<\/div>\n\t\t\t\t\t<\/div>\n\t\t\t\t<\/div>\n\t\t\t\t\t<\/div>\n\t<\/div>\n\t\t<\/div>\n\t<\/section>\n","protected":false},"excerpt":{"rendered":"","protected":false},"author":4,"featured_media":0,"parent":0,"menu_order":0,"comment_status":"closed","ping_status":"closed","template":"","meta":{"_acf_changed":false,"footnotes":""},"class_list":["post-417","page","type-page","status-publish","hentry"],"acf":[],"_links":{"self":[{"href":"https:\/\/childtoadulttransitions.forskning.eu\/de\/wp-json\/wp\/v2\/pages\/417","targetHints":{"allow":["GET"]}}],"collection":[{"href":"https:\/\/childtoadulttransitions.forskning.eu\/de\/wp-json\/wp\/v2\/pages"}],"about":[{"href":"https:\/\/childtoadulttransitions.forskning.eu\/de\/wp-json\/wp\/v2\/types\/page"}],"author":[{"embeddable":true,"href":"https:\/\/childtoadulttransitions.forskning.eu\/de\/wp-json\/wp\/v2\/users\/4"}],"replies":[{"embeddable":true,"href":"https:\/\/childtoadulttransitions.forskning.eu\/de\/wp-json\/wp\/v2\/comments?post=417"}],"version-history":[{"count":11,"href":"https:\/\/childtoadulttransitions.forskning.eu\/de\/wp-json\/wp\/v2\/pages\/417\/revisions"}],"predecessor-version":[{"id":435,"href":"https:\/\/childtoadulttransitions.forskning.eu\/de\/wp-json\/wp\/v2\/pages\/417\/revisions\/435"}],"wp:attachment":[{"href":"https:\/\/childtoadulttransitions.forskning.eu\/de\/wp-json\/wp\/v2\/media?parent=417"}],"curies":[{"name":"wp","href":"https:\/\/api.w.org\/{rel}","templated":true}]}}