{"id":485,"date":"2024-10-16T14:57:15","date_gmt":"2024-10-16T12:57:15","guid":{"rendered":"https:\/\/childtoadulttransitions.forskning.eu\/projektpartner\/"},"modified":"2024-10-16T15:00:23","modified_gmt":"2024-10-16T13:00:23","slug":"projektpartner","status":"publish","type":"page","link":"https:\/\/childtoadulttransitions.forskning.eu\/de\/projektpartner\/","title":{"rendered":"Projektpartner"},"content":{"rendered":"<link rel=\"stylesheet\" type=\"text\/css\" href=\"https:\/\/childtoadulttransitions.forskning.eu\/wp-content\/themes\/oak-theme\/dist\/template-parts\/blocks\/subsite-hero-page\/subsite-hero-page.css\">\n\t<section class=\"block block--subsite-hero-page spacing--none\">\n\t\t<div  class=\"subsite-hero-page\">\n\t\t\t\t<div class=\"subsite-hero-page__bg\">\n\t\t\t\t\t<img decoding=\"async\" src=\"https:\/\/childtoadulttransitions.forskning.eu\/wp-content\/themes\/oak-theme\/assets\/images\/placeholder.png\" data-src=\"https:\/\/childtoadulttransitions.forskning.eu\/wp-content\/uploads\/sites\/9\/2024\/10\/SUHK-BYGNING-20221019-8988-1600px-1024x657.jpg\" data-srcset=\"https:\/\/childtoadulttransitions.forskning.eu\/wp-content\/uploads\/sites\/9\/2024\/10\/SUHK-BYGNING-20221019-8988-1600px-1024x657.jpg 1024w, https:\/\/childtoadulttransitions.forskning.eu\/wp-content\/uploads\/sites\/9\/2024\/10\/SUHK-BYGNING-20221019-8988-1600px-300x193.jpg 300w, https:\/\/childtoadulttransitions.forskning.eu\/wp-content\/uploads\/sites\/9\/2024\/10\/SUHK-BYGNING-20221019-8988-1600px-768x493.jpg 768w, https:\/\/childtoadulttransitions.forskning.eu\/wp-content\/uploads\/sites\/9\/2024\/10\/SUHK-BYGNING-20221019-8988-1600px-1536x986.jpg 1536w, https:\/\/childtoadulttransitions.forskning.eu\/wp-content\/uploads\/sites\/9\/2024\/10\/SUHK-BYGNING-20221019-8988-1600px.jpg 1600w\" sizes=\"(max-width: 100vw) 2000px, 2000px\" data-loading=\"lazy\" alt=\"\" \/>\n\t\t\t<\/div>\n\t<div class=\"subsite-hero-page__container\">\n\t\t<div class=\"grid\">\n\t\t\t<div class=\"col-md-8 col-xl-5 offset-xl-1\">\n\t\t\t\t<h1 class=\"subsite-hero-page__title\">\n\t\t\t\t\tProjektpartnere\n\t\t\t\t<\/h1>\n\t\t\t<\/div>\n\n\t\t\t<div class=\"col-md-8 col-xl-5 offset-xl-1\">\n\t\t\t\t<p class=\"subsite-hero-page__excerpt\">\n\t\t\t\t\tDas Projekt CAT &#8211; Child to Adult Tranistions hat sechs d\u00e4nische und vier deutsche Projektpartner.<br \/>\r\nDar\u00fcber hinaus hat das Projekt sechs Netzwerkpartner.\n\t\t\t\t<\/p>\n\t\t\t<\/div>\n\n\t\t\t\t\t<\/div>\n\t<\/div>\n\t\t<\/div>\n\t<\/section>\n\n\n<link rel=\"stylesheet\" type=\"text\/css\" href=\"https:\/\/childtoadulttransitions.forskning.eu\/wp-content\/themes\/oak-theme\/dist\/template-parts\/blocks\/partners\/partners.css\">\n\t<section class=\"block block--partners spacing--none\">\n\t\t<div  class=\"partners\">\n\t\t\t\t\t\t\t<div class=\"grid \">\n\t\t\t\t\t\t<div class=\"col-lg-10 offset-lg-1\">\n\t\t<div class=\"partners__list\">\n\t\t\t\t\t\t\t<div class=\"partner\">\n\t\t\t\t\t<button class=\"partner__header\">\n\t\t\t\t\t\t<div class=\"partner__logo\">\n\t\t\t\t\t\t\t<img decoding=\"async\" src=\"https:\/\/childtoadulttransitions.forskning.eu\/wp-content\/themes\/oak-theme\/assets\/images\/placeholder.png\" data-src=\"https:\/\/childtoadulttransitions.forskning.eu\/wp-content\/uploads\/sites\/9\/2024\/10\/SUH_logo-300x78.png\" data-srcset=\"https:\/\/childtoadulttransitions.forskning.eu\/wp-content\/uploads\/sites\/9\/2024\/10\/SUH_logo-300x78.png 300w, https:\/\/childtoadulttransitions.forskning.eu\/wp-content\/uploads\/sites\/9\/2024\/10\/SUH_logo-1024x266.png 1024w, https:\/\/childtoadulttransitions.forskning.eu\/wp-content\/uploads\/sites\/9\/2024\/10\/SUH_logo-768x200.png 768w, https:\/\/childtoadulttransitions.forskning.eu\/wp-content\/uploads\/sites\/9\/2024\/10\/SUH_logo.png 1439w\" sizes=\"(max-width: 100vw) 400px, 400px\" data-loading=\"lazy\" alt=\"\" \/>\n\t\t\t\t\t\t<\/div>\n\n\t\t\t\t\t\t<div class=\"partner__toggle\">\n\t\t\t\t\t\t\t<span><\/span><span><\/span>\n\t\t\t\t\t\t<\/div>\n\n\t\t\t\t\t\t<div class=\"partner__container\">\n\t\t\t\t\t\t\t<h2 class=\"partner__title\">\n\t\t\t\t\t\t\t\tReumatologisk afdeling, Sj\u00e6llands Universitetshospital (Lead partner)\n\t\t\t\t\t\t\t<\/h2>\n\n\t\t\t\t\t\t\t<p class=\"partner__excerpt\">\n\t\t\t\t\t\t\t\t\n\t\t\t\t\t\t\t<\/p>\n\t\t\t\t\t\t<\/div>\n\t\t\t\t\t<\/button>\n\n\t\t\t\t\t<div class=\"partner__wrapper\">\n\t\t\t\t\t\t<div class=\"partner__text\">\n\t\t\t\t\t\t\t\n\t\t\t\t\t\t<\/div>\n\t\t\t\t\t\t\t\t\t\t\t<\/div>\n\t\t\t\t<\/div>\n\t\t\t\t\t\t\t<div class=\"partner\">\n\t\t\t\t\t<button class=\"partner__header\">\n\t\t\t\t\t\t<div class=\"partner__logo\">\n\t\t\t\t\t\t\t<img decoding=\"async\" src=\"https:\/\/childtoadulttransitions.forskning.eu\/wp-content\/themes\/oak-theme\/assets\/images\/placeholder.png\" data-src=\"https:\/\/childtoadulttransitions.forskning.eu\/wp-content\/uploads\/sites\/9\/2024\/10\/SUH_logo-300x78.png\" data-srcset=\"https:\/\/childtoadulttransitions.forskning.eu\/wp-content\/uploads\/sites\/9\/2024\/10\/SUH_logo-300x78.png 300w, https:\/\/childtoadulttransitions.forskning.eu\/wp-content\/uploads\/sites\/9\/2024\/10\/SUH_logo-1024x266.png 1024w, https:\/\/childtoadulttransitions.forskning.eu\/wp-content\/uploads\/sites\/9\/2024\/10\/SUH_logo-768x200.png 768w, https:\/\/childtoadulttransitions.forskning.eu\/wp-content\/uploads\/sites\/9\/2024\/10\/SUH_logo.png 1439w\" sizes=\"(max-width: 100vw) 400px, 400px\" data-loading=\"lazy\" alt=\"\" \/>\n\t\t\t\t\t\t<\/div>\n\n\t\t\t\t\t\t<div class=\"partner__toggle\">\n\t\t\t\t\t\t\t<span><\/span><span><\/span>\n\t\t\t\t\t\t<\/div>\n\n\t\t\t\t\t\t<div class=\"partner__container\">\n\t\t\t\t\t\t\t<h2 class=\"partner__title\">\n\t\t\t\t\t\t\t\tForskningsenheden i Staben, Sj\u00e6llands Universitetshospital \n\t\t\t\t\t\t\t<\/h2>\n\n\t\t\t\t\t\t\t<p class=\"partner__excerpt\">\n\t\t\t\t\t\t\t\t\n\t\t\t\t\t\t\t<\/p>\n\t\t\t\t\t\t<\/div>\n\t\t\t\t\t<\/button>\n\n\t\t\t\t\t<div class=\"partner__wrapper\">\n\t\t\t\t\t\t<div class=\"partner__text\">\n\t\t\t\t\t\t\t\n\t\t\t\t\t\t<\/div>\n\t\t\t\t\t\t\t\t\t\t\t<\/div>\n\t\t\t\t<\/div>\n\t\t\t\t\t\t\t<div class=\"partner\">\n\t\t\t\t\t<button class=\"partner__header\">\n\t\t\t\t\t\t<div class=\"partner__logo\">\n\t\t\t\t\t\t\t<img decoding=\"async\" src=\"https:\/\/childtoadulttransitions.forskning.eu\/wp-content\/themes\/oak-theme\/assets\/images\/placeholder.png\" data-src=\"https:\/\/childtoadulttransitions.forskning.eu\/wp-content\/uploads\/sites\/9\/2024\/10\/SUH_logo-300x78.png\" data-srcset=\"https:\/\/childtoadulttransitions.forskning.eu\/wp-content\/uploads\/sites\/9\/2024\/10\/SUH_logo-300x78.png 300w, https:\/\/childtoadulttransitions.forskning.eu\/wp-content\/uploads\/sites\/9\/2024\/10\/SUH_logo-1024x266.png 1024w, https:\/\/childtoadulttransitions.forskning.eu\/wp-content\/uploads\/sites\/9\/2024\/10\/SUH_logo-768x200.png 768w, https:\/\/childtoadulttransitions.forskning.eu\/wp-content\/uploads\/sites\/9\/2024\/10\/SUH_logo.png 1439w\" sizes=\"(max-width: 100vw) 400px, 400px\" data-loading=\"lazy\" alt=\"\" \/>\n\t\t\t\t\t\t<\/div>\n\n\t\t\t\t\t\t<div class=\"partner__toggle\">\n\t\t\t\t\t\t\t<span><\/span><span><\/span>\n\t\t\t\t\t\t<\/div>\n\n\t\t\t\t\t\t<div class=\"partner__container\">\n\t\t\t\t\t\t\t<h2 class=\"partner__title\">\n\t\t\t\t\t\t\t\tB\u00f8rne- og Ungeafdelingen, Slagelse Sygehus, Sj\u00e6llands Universitetshospital \n\t\t\t\t\t\t\t<\/h2>\n\n\t\t\t\t\t\t\t<p class=\"partner__excerpt\">\n\t\t\t\t\t\t\t\t\n\t\t\t\t\t\t\t<\/p>\n\t\t\t\t\t\t<\/div>\n\t\t\t\t\t<\/button>\n\n\t\t\t\t\t<div class=\"partner__wrapper\">\n\t\t\t\t\t\t<div class=\"partner__text\">\n\t\t\t\t\t\t\t\n\t\t\t\t\t\t<\/div>\n\t\t\t\t\t\t\t\t\t\t\t<\/div>\n\t\t\t\t<\/div>\n\t\t\t\t\t\t\t<div class=\"partner\">\n\t\t\t\t\t<button class=\"partner__header\">\n\t\t\t\t\t\t<div class=\"partner__logo\">\n\t\t\t\t\t\t\t<img decoding=\"async\" src=\"https:\/\/childtoadulttransitions.forskning.eu\/wp-content\/themes\/oak-theme\/assets\/images\/placeholder.png\" data-src=\"https:\/\/childtoadulttransitions.forskning.eu\/wp-content\/uploads\/sites\/9\/2024\/10\/RGB_Org_C_Vetfd_PSYKIATRIEN-300x97.jpg\" data-srcset=\"https:\/\/childtoadulttransitions.forskning.eu\/wp-content\/uploads\/sites\/9\/2024\/10\/RGB_Org_C_Vetfd_PSYKIATRIEN-300x97.jpg 300w, https:\/\/childtoadulttransitions.forskning.eu\/wp-content\/uploads\/sites\/9\/2024\/10\/RGB_Org_C_Vetfd_PSYKIATRIEN-1024x332.jpg 1024w, https:\/\/childtoadulttransitions.forskning.eu\/wp-content\/uploads\/sites\/9\/2024\/10\/RGB_Org_C_Vetfd_PSYKIATRIEN-768x249.jpg 768w, https:\/\/childtoadulttransitions.forskning.eu\/wp-content\/uploads\/sites\/9\/2024\/10\/RGB_Org_C_Vetfd_PSYKIATRIEN.jpg 1153w\" sizes=\"(max-width: 100vw) 400px, 400px\" data-loading=\"lazy\" alt=\"\" \/>\n\t\t\t\t\t\t<\/div>\n\n\t\t\t\t\t\t<div class=\"partner__toggle\">\n\t\t\t\t\t\t\t<span><\/span><span><\/span>\n\t\t\t\t\t\t<\/div>\n\n\t\t\t\t\t\t<div class=\"partner__container\">\n\t\t\t\t\t\t\t<h2 class=\"partner__title\">\n\t\t\t\t\t\t\t\tAfdeling for B\u00f8rne- og Ungdomspsykiatri (CAMHS), Psykiatrien Region Sj\u00e6lland, Roskilde\n\t\t\t\t\t\t\t<\/h2>\n\n\t\t\t\t\t\t\t<p class=\"partner__excerpt\">\n\t\t\t\t\t\t\t\t\n\t\t\t\t\t\t\t<\/p>\n\t\t\t\t\t\t<\/div>\n\t\t\t\t\t<\/button>\n\n\t\t\t\t\t<div class=\"partner__wrapper\">\n\t\t\t\t\t\t<div class=\"partner__text\">\n\t\t\t\t\t\t\t\n\t\t\t\t\t\t<\/div>\n\t\t\t\t\t\t\t\t\t\t\t<\/div>\n\t\t\t\t<\/div>\n\t\t\t\t\t\t\t<div class=\"partner\">\n\t\t\t\t\t<button class=\"partner__header\">\n\t\t\t\t\t\t<div class=\"partner__logo\">\n\t\t\t\t\t\t\t<img decoding=\"async\" src=\"https:\/\/childtoadulttransitions.forskning.eu\/wp-content\/themes\/oak-theme\/assets\/images\/placeholder.png\" data-src=\"https:\/\/childtoadulttransitions.forskning.eu\/wp-content\/uploads\/sites\/9\/2024\/10\/Faelles_DK-300x225.jpg\" data-srcset=\"https:\/\/childtoadulttransitions.forskning.eu\/wp-content\/uploads\/sites\/9\/2024\/10\/Faelles_DK-300x225.jpg 300w, https:\/\/childtoadulttransitions.forskning.eu\/wp-content\/uploads\/sites\/9\/2024\/10\/Faelles_DK-768x576.jpg 768w, https:\/\/childtoadulttransitions.forskning.eu\/wp-content\/uploads\/sites\/9\/2024\/10\/Faelles_DK.jpg 960w\" sizes=\"(max-width: 100vw) 400px, 400px\" data-loading=\"lazy\" alt=\"\" \/>\n\t\t\t\t\t\t<\/div>\n\n\t\t\t\t\t\t<div class=\"partner__toggle\">\n\t\t\t\t\t\t\t<span><\/span><span><\/span>\n\t\t\t\t\t\t<\/div>\n\n\t\t\t\t\t\t<div class=\"partner__container\">\n\t\t\t\t\t\t\t<h2 class=\"partner__title\">\n\t\t\t\t\t\t\t\tPsykiatriens Forskningsenhed, Region Sj\u00e6lland, Slagelse\n\t\t\t\t\t\t\t<\/h2>\n\n\t\t\t\t\t\t\t<p class=\"partner__excerpt\">\n\t\t\t\t\t\t\t\t\n\t\t\t\t\t\t\t<\/p>\n\t\t\t\t\t\t<\/div>\n\t\t\t\t\t<\/button>\n\n\t\t\t\t\t<div class=\"partner__wrapper\">\n\t\t\t\t\t\t<div class=\"partner__text\">\n\t\t\t\t\t\t\t\n\t\t\t\t\t\t<\/div>\n\t\t\t\t\t\t\t\t\t\t\t<\/div>\n\t\t\t\t<\/div>\n\t\t\t\t\t\t\t<div class=\"partner\">\n\t\t\t\t\t<button class=\"partner__header\">\n\t\t\t\t\t\t<div class=\"partner__logo\">\n\t\t\t\t\t\t\t<img decoding=\"async\" src=\"https:\/\/childtoadulttransitions.forskning.eu\/wp-content\/themes\/oak-theme\/assets\/images\/placeholder.png\" data-src=\"https:\/\/childtoadulttransitions.forskning.eu\/wp-content\/uploads\/sites\/9\/2024\/10\/Trifork_logo_RGB-kopi-300x32.png\" data-srcset=\"https:\/\/childtoadulttransitions.forskning.eu\/wp-content\/uploads\/sites\/9\/2024\/10\/Trifork_logo_RGB-kopi-300x32.png 300w, https:\/\/childtoadulttransitions.forskning.eu\/wp-content\/uploads\/sites\/9\/2024\/10\/Trifork_logo_RGB-kopi-1024x108.png 1024w, https:\/\/childtoadulttransitions.forskning.eu\/wp-content\/uploads\/sites\/9\/2024\/10\/Trifork_logo_RGB-kopi-768x81.png 768w, https:\/\/childtoadulttransitions.forskning.eu\/wp-content\/uploads\/sites\/9\/2024\/10\/Trifork_logo_RGB-kopi.png 1485w\" sizes=\"(max-width: 100vw) 400px, 400px\" data-loading=\"lazy\" alt=\"\" \/>\n\t\t\t\t\t\t<\/div>\n\n\t\t\t\t\t\t<div class=\"partner__toggle\">\n\t\t\t\t\t\t\t<span><\/span><span><\/span>\n\t\t\t\t\t\t<\/div>\n\n\t\t\t\t\t\t<div class=\"partner__container\">\n\t\t\t\t\t\t\t<h2 class=\"partner__title\">\n\t\t\t\t\t\t\t\tTrifork Public A\/S, Aarhus\n\t\t\t\t\t\t\t<\/h2>\n\n\t\t\t\t\t\t\t<p class=\"partner__excerpt\">\n\t\t\t\t\t\t\t\t\n\t\t\t\t\t\t\t<\/p>\n\t\t\t\t\t\t<\/div>\n\t\t\t\t\t<\/button>\n\n\t\t\t\t\t<div class=\"partner__wrapper\">\n\t\t\t\t\t\t<div class=\"partner__text\">\n\t\t\t\t\t\t\t\n\t\t\t\t\t\t<\/div>\n\t\t\t\t\t\t\t\t\t\t\t<\/div>\n\t\t\t\t<\/div>\n\t\t\t\t\t\t\t<div class=\"partner\">\n\t\t\t\t\t<button class=\"partner__header\">\n\t\t\t\t\t\t<div class=\"partner__logo\">\n\t\t\t\t\t\t\t<img decoding=\"async\" src=\"https:\/\/childtoadulttransitions.forskning.eu\/wp-content\/themes\/oak-theme\/assets\/images\/placeholder.png\" data-src=\"https:\/\/childtoadulttransitions.forskning.eu\/wp-content\/uploads\/sites\/9\/2024\/10\/Uni-Greifswald_logo-300x91.jpg\" data-srcset=\"https:\/\/childtoadulttransitions.forskning.eu\/wp-content\/uploads\/sites\/9\/2024\/10\/Uni-Greifswald_logo-300x91.jpg 300w, https:\/\/childtoadulttransitions.forskning.eu\/wp-content\/uploads\/sites\/9\/2024\/10\/Uni-Greifswald_logo-1024x312.jpg 1024w, https:\/\/childtoadulttransitions.forskning.eu\/wp-content\/uploads\/sites\/9\/2024\/10\/Uni-Greifswald_logo-768x234.jpg 768w, https:\/\/childtoadulttransitions.forskning.eu\/wp-content\/uploads\/sites\/9\/2024\/10\/Uni-Greifswald_logo.jpg 1175w\" sizes=\"(max-width: 100vw) 400px, 400px\" data-loading=\"lazy\" alt=\"\" \/>\n\t\t\t\t\t\t<\/div>\n\n\t\t\t\t\t\t<div class=\"partner__toggle\">\n\t\t\t\t\t\t\t<span><\/span><span><\/span>\n\t\t\t\t\t\t<\/div>\n\n\t\t\t\t\t\t<div class=\"partner__container\">\n\t\t\t\t\t\t\t<h2 class=\"partner__title\">\n\t\t\t\t\t\t\t\tLehrstuhl Gesundheit und Pr\u00e4vention, Institut f\u00fcr Psychologie, Universit\u00e4t Greifswald\n\t\t\t\t\t\t\t<\/h2>\n\n\t\t\t\t\t\t\t<p class=\"partner__excerpt\">\n\t\t\t\t\t\t\t\t\n\t\t\t\t\t\t\t<\/p>\n\t\t\t\t\t\t<\/div>\n\t\t\t\t\t<\/button>\n\n\t\t\t\t\t<div class=\"partner__wrapper\">\n\t\t\t\t\t\t<div class=\"partner__text\">\n\t\t\t\t\t\t\t\n\t\t\t\t\t\t<\/div>\n\t\t\t\t\t\t\t\t\t\t\t<\/div>\n\t\t\t\t<\/div>\n\t\t\t\t\t\t\t<div class=\"partner\">\n\t\t\t\t\t<button class=\"partner__header\">\n\t\t\t\t\t\t<div class=\"partner__logo\">\n\t\t\t\t\t\t\t<img decoding=\"async\" src=\"https:\/\/childtoadulttransitions.forskning.eu\/wp-content\/themes\/oak-theme\/assets\/images\/placeholder.png\" data-src=\"https:\/\/childtoadulttransitions.forskning.eu\/wp-content\/uploads\/sites\/9\/2024\/10\/NP-8-og-9-uksh-300x133.jpg\" data-srcset=\"https:\/\/childtoadulttransitions.forskning.eu\/wp-content\/uploads\/sites\/9\/2024\/10\/NP-8-og-9-uksh-300x133.jpg 300w, https:\/\/childtoadulttransitions.forskning.eu\/wp-content\/uploads\/sites\/9\/2024\/10\/NP-8-og-9-uksh-1024x453.jpg 1024w, https:\/\/childtoadulttransitions.forskning.eu\/wp-content\/uploads\/sites\/9\/2024\/10\/NP-8-og-9-uksh-768x340.jpg 768w, https:\/\/childtoadulttransitions.forskning.eu\/wp-content\/uploads\/sites\/9\/2024\/10\/NP-8-og-9-uksh.jpg 1261w\" sizes=\"(max-width: 100vw) 400px, 400px\" data-loading=\"lazy\" alt=\"\" \/>\n\t\t\t\t\t\t<\/div>\n\n\t\t\t\t\t\t<div class=\"partner__toggle\">\n\t\t\t\t\t\t\t<span><\/span><span><\/span>\n\t\t\t\t\t\t<\/div>\n\n\t\t\t\t\t\t<div class=\"partner__container\">\n\t\t\t\t\t\t\t<h2 class=\"partner__title\">\n\t\t\t\t\t\t\t\tKlinik f\u00fcr Kinder- und Jugendmedizin, Universit\u00e4tsklinikum Schleswig-Holstein, L\u00fcbeck\n\t\t\t\t\t\t\t<\/h2>\n\n\t\t\t\t\t\t\t<p class=\"partner__excerpt\">\n\t\t\t\t\t\t\t\t\n\t\t\t\t\t\t\t<\/p>\n\t\t\t\t\t\t<\/div>\n\t\t\t\t\t<\/button>\n\n\t\t\t\t\t<div class=\"partner__wrapper\">\n\t\t\t\t\t\t<div class=\"partner__text\">\n\t\t\t\t\t\t\t\n\t\t\t\t\t\t<\/div>\n\t\t\t\t\t\t\t\t\t\t\t<\/div>\n\t\t\t\t<\/div>\n\t\t\t\t\t\t\t<div class=\"partner\">\n\t\t\t\t\t<button class=\"partner__header\">\n\t\t\t\t\t\t<div class=\"partner__logo\">\n\t\t\t\t\t\t\t<img decoding=\"async\" src=\"https:\/\/childtoadulttransitions.forskning.eu\/wp-content\/themes\/oak-theme\/assets\/images\/placeholder.png\" data-src=\"https:\/\/childtoadulttransitions.forskning.eu\/wp-content\/uploads\/sites\/9\/2024\/10\/ZIP_LOGO-300x80.jpg\" data-srcset=\"https:\/\/childtoadulttransitions.forskning.eu\/wp-content\/uploads\/sites\/9\/2024\/10\/ZIP_LOGO-300x80.jpg 300w, https:\/\/childtoadulttransitions.forskning.eu\/wp-content\/uploads\/sites\/9\/2024\/10\/ZIP_LOGO-1024x273.jpg 1024w, https:\/\/childtoadulttransitions.forskning.eu\/wp-content\/uploads\/sites\/9\/2024\/10\/ZIP_LOGO-768x205.jpg 768w, https:\/\/childtoadulttransitions.forskning.eu\/wp-content\/uploads\/sites\/9\/2024\/10\/ZIP_LOGO-1536x410.jpg 1536w, https:\/\/childtoadulttransitions.forskning.eu\/wp-content\/uploads\/sites\/9\/2024\/10\/ZIP_LOGO-2048x546.jpg 2048w\" sizes=\"(max-width: 100vw) 400px, 400px\" data-loading=\"lazy\" alt=\"\" \/>\n\t\t\t\t\t\t<\/div>\n\n\t\t\t\t\t\t<div class=\"partner__toggle\">\n\t\t\t\t\t\t\t<span><\/span><span><\/span>\n\t\t\t\t\t\t<\/div>\n\n\t\t\t\t\t\t<div class=\"partner__container\">\n\t\t\t\t\t\t\t<h2 class=\"partner__title\">\n\t\t\t\t\t\t\t\tZentrum f\u00fcr Integrative Psychiatrie ZIP gGmbH, L\u00fcbeck &#038; Kiel \n\t\t\t\t\t\t\t<\/h2>\n\n\t\t\t\t\t\t\t<p class=\"partner__excerpt\">\n\t\t\t\t\t\t\t\t\n\t\t\t\t\t\t\t<\/p>\n\t\t\t\t\t\t<\/div>\n\t\t\t\t\t<\/button>\n\n\t\t\t\t\t<div class=\"partner__wrapper\">\n\t\t\t\t\t\t<div class=\"partner__text\">\n\t\t\t\t\t\t\t\n\t\t\t\t\t\t<\/div>\n\t\t\t\t\t\t\t\t\t\t\t<\/div>\n\t\t\t\t<\/div>\n\t\t\t\t\t\t\t<div class=\"partner\">\n\t\t\t\t\t<button class=\"partner__header\">\n\t\t\t\t\t\t<div class=\"partner__logo\">\n\t\t\t\t\t\t\t<img decoding=\"async\" src=\"https:\/\/childtoadulttransitions.forskning.eu\/wp-content\/themes\/oak-theme\/assets\/images\/placeholder.png\" data-src=\"https:\/\/childtoadulttransitions.forskning.eu\/wp-content\/uploads\/sites\/9\/2024\/10\/NP-8-og-9-uksh-300x133.jpg\" data-srcset=\"https:\/\/childtoadulttransitions.forskning.eu\/wp-content\/uploads\/sites\/9\/2024\/10\/NP-8-og-9-uksh-300x133.jpg 300w, https:\/\/childtoadulttransitions.forskning.eu\/wp-content\/uploads\/sites\/9\/2024\/10\/NP-8-og-9-uksh-1024x453.jpg 1024w, https:\/\/childtoadulttransitions.forskning.eu\/wp-content\/uploads\/sites\/9\/2024\/10\/NP-8-og-9-uksh-768x340.jpg 768w, https:\/\/childtoadulttransitions.forskning.eu\/wp-content\/uploads\/sites\/9\/2024\/10\/NP-8-og-9-uksh.jpg 1261w\" sizes=\"(max-width: 100vw) 400px, 400px\" data-loading=\"lazy\" alt=\"\" \/>\n\t\t\t\t\t\t<\/div>\n\n\t\t\t\t\t\t<div class=\"partner__toggle\">\n\t\t\t\t\t\t\t<span><\/span><span><\/span>\n\t\t\t\t\t\t<\/div>\n\n\t\t\t\t\t\t<div class=\"partner__container\">\n\t\t\t\t\t\t\t<h2 class=\"partner__title\">\n\t\t\t\t\t\t\t\tComprehensive Center for Inflammatory Medicine (CCIM), Universit\u00e4tsklinikum Schleswig-Holstein, Kiel \n\t\t\t\t\t\t\t<\/h2>\n\n\t\t\t\t\t\t\t<p class=\"partner__excerpt\">\n\t\t\t\t\t\t\t\t\n\t\t\t\t\t\t\t<\/p>\n\t\t\t\t\t\t<\/div>\n\t\t\t\t\t<\/button>\n\n\t\t\t\t\t<div class=\"partner__wrapper\">\n\t\t\t\t\t\t<div class=\"partner__text\">\n\t\t\t\t\t\t\t\n\t\t\t\t\t\t<\/div>\n\t\t\t\t\t\t\t\t\t\t\t<\/div>\n\t\t\t\t<\/div>\n\t\t\t\t\t<\/div>\n\t<\/div>\n\t\t\t\t<\/div>\n\t\t\t\t\t<\/div>\n\t<\/section>\n","protected":false},"excerpt":{"rendered":"","protected":false},"author":4,"featured_media":0,"parent":0,"menu_order":0,"comment_status":"closed","ping_status":"closed","template":"","meta":{"_acf_changed":false,"footnotes":""},"class_list":["post-485","page","type-page","status-publish","hentry"],"acf":[],"_links":{"self":[{"href":"https:\/\/childtoadulttransitions.forskning.eu\/de\/wp-json\/wp\/v2\/pages\/485","targetHints":{"allow":["GET"]}}],"collection":[{"href":"https:\/\/childtoadulttransitions.forskning.eu\/de\/wp-json\/wp\/v2\/pages"}],"about":[{"href":"https:\/\/childtoadulttransitions.forskning.eu\/de\/wp-json\/wp\/v2\/types\/page"}],"author":[{"embeddable":true,"href":"https:\/\/childtoadulttransitions.forskning.eu\/de\/wp-json\/wp\/v2\/users\/4"}],"replies":[{"embeddable":true,"href":"https:\/\/childtoadulttransitions.forskning.eu\/de\/wp-json\/wp\/v2\/comments?post=485"}],"version-history":[{"count":3,"href":"https:\/\/childtoadulttransitions.forskning.eu\/de\/wp-json\/wp\/v2\/pages\/485\/revisions"}],"predecessor-version":[{"id":489,"href":"https:\/\/childtoadulttransitions.forskning.eu\/de\/wp-json\/wp\/v2\/pages\/485\/revisions\/489"}],"wp:attachment":[{"href":"https:\/\/childtoadulttransitions.forskning.eu\/de\/wp-json\/wp\/v2\/media?parent=485"}],"curies":[{"name":"wp","href":"https:\/\/api.w.org\/{rel}","templated":true}]}}